{"id":29046,"date":"2025-05-26T11:58:49","date_gmt":"2025-05-26T15:58:49","guid":{"rendered":"https:\/\/ilesaintbernard.ca\/?page_id=29046"},"modified":"2025-05-26T11:59:30","modified_gmt":"2025-05-26T15:59:30","slug":"politique-relative-aux-cookies","status":"publish","type":"page","link":"https:\/\/ilesaintbernard.ca\/english\/politique-relative-aux-cookies\/","title":{"rendered":"Politique relative aux cookies"},"content":{"rendered":"<p>&nbsp;<\/p>\n<p>Date d\u2019entr\u00e9e en vigueur : 26 mai 2025<br \/>\nDerni\u00e8re mise \u00e0 jour : 26 mai 2025<\/p>\n<h5>Que sont les cookies ?<\/h5>\n<div class=\"cookie-policy-p\">\n<p>Cette politique de cookies explique ce que sont les cookies et comment nous les utilisons, les types de cookies que nous utilisons, c\u2019est-\u00e0-dire les informations que nous collectons \u00e0 l\u2019aide des cookies et comment ces informations sont utilis\u00e9es, ainsi que la mani\u00e8re de g\u00e9rer les param\u00e8tres des cookies.<\/p>\n<p>Les cookies sont de petits fichiers texte utilis\u00e9s pour stocker de petites quantit\u00e9s d\u2019informations. Ils sont enregistr\u00e9s sur votre appareil lorsque le site Web est charg\u00e9 sur votre navigateur. Ces cookies nous aident \u00e0 faire fonctionner correctement le site Web, \u00e0 le rendre plus s\u00e9curis\u00e9, \u00e0 offrir une meilleure exp\u00e9rience utilisateur, et \u00e0 comprendre les performances du site afin d\u2019analyser ce qui fonctionne ou non et ce qui doit \u00eatre am\u00e9lior\u00e9.<\/p>\n<\/div>\n<h5>Comment utilisons-nous les cookies ?<\/h5>\n<div class=\"cookie-policy-p\">\n<p>Comme la plupart des services en ligne, notre site Web utilise des cookies internes (first-party) et des cookies tiers pour plusieurs raisons. Les cookies internes sont principalement n\u00e9cessaires au bon fonctionnement du site Web, et ne collectent aucune donn\u00e9e personnelle identifiable.<\/p>\n<p>Les cookies tiers utilis\u00e9s sur notre site Web servent principalement \u00e0 comprendre comment le site fonctionne, comment vous interagissez avec lui, \u00e0 maintenir nos services s\u00e9curis\u00e9s, \u00e0 vous proposer des publicit\u00e9s pertinentes, et globalement \u00e0 vous offrir une exp\u00e9rience utilisateur meilleure et am\u00e9lior\u00e9e, tout en acc\u00e9l\u00e9rant vos futures interactions avec notre site.<\/p>\n<\/div>\n<h5>Types de cookies que nous utilisons<\/h5>\n<div class=\"cky-audit-table-element\"><\/div>\n<h5 style=\"margin-bottom: 20px;\">G\u00e9rer les pr\u00e9f\u00e9rences de cookies<\/h5>\n<p><a class=\"cky-banner-element\">Param\u00e8tres des cookies<\/a><\/p>\n<div>\n<p>Vous pouvez modifier vos pr\u00e9f\u00e9rences en mati\u00e8re de cookies \u00e0 tout moment en cliquant sur le bouton ci-dessus. Cela vous permettra de revoir la banni\u00e8re de consentement aux cookies et de modifier vos pr\u00e9f\u00e9rences ou de retirer votre consentement imm\u00e9diatement.<\/p>\n<p>En plus de cela, les diff\u00e9rents navigateurs proposent diff\u00e9rentes m\u00e9thodes pour bloquer et supprimer les cookies utilis\u00e9s par les sites Web. Vous pouvez modifier les param\u00e8tres de votre navigateur pour bloquer ou supprimer les cookies. Voici les liens vers les documents d\u2019assistance pour g\u00e9rer et supprimer les cookies dans les principaux navigateurs web.<\/p>\n<p>Chrome : <a href=\"https:\/\/support.google.com\/accounts\/answer\/32050\" target=\"_blank\" rel=\"noopener\">https:\/\/support.google.com\/accounts\/answer\/32050<\/a><\/p>\n<p>Safari : <a href=\"https:\/\/support.apple.com\/en-in\/guide\/safari\/sfri11471\/mac\" target=\"_blank\" rel=\"noopener\">https:\/\/support.apple.com\/en-in\/guide\/safari\/sfri11471\/mac<\/a><\/p>\n<p>Firefox : <a href=\"https:\/\/support.mozilla.org\/en-US\/kb\/clear-cookies-and-site-data-firefox?redirectslug=delete-cookies-remove-info-websites-stored&amp;redirectlocale=en-US\" target=\"_blank\" rel=\"noopener\">https:\/\/support.mozilla.org\/en-US\/kb\/clear-cookies-and-site-data-firefox?redirectslug=delete-cookies-remove-info-websites-stored&amp;redirectlocale=en-US<\/a><\/p>\n<p>Internet Explorer : <a href=\"https:\/\/support.microsoft.com\/en-us\/topic\/how-to-delete-cookie-files-in-internet-explorer-bca9446f-d873-78de-77ba-d42645fa52fc\" target=\"_blank\" rel=\"noopener\">https:\/\/support.microsoft.com\/en-us\/topic\/how-to-delete-cookie-files-in-internet-explorer-bca9446f-d873-78de-77ba-d42645fa52fc<\/a><\/p>\n<p>Si vous utilisez un autre navigateur web, veuillez consulter les documents d\u2019aide officiels de votre navigateur.<\/p>\n<\/div>\n<p class=\"cookie-policy-p\">","protected":false},"excerpt":{"rendered":"<p>&nbsp; Date d\u2019entr\u00e9e en vigueur : 26 mai 2025 Derni\u00e8re mise \u00e0 jour : 26 mai 2025 Que sont les cookies ? Cette politique de cookies explique ce que sont les cookies et comment nous les utilisons, les types de cookies que nous utilisons, c\u2019est-\u00e0-dire les informations que nous collectons \u00e0 l\u2019aide des cookies et &hellip; <\/p>\n<p class=\"link-more\"><a href=\"https:\/\/ilesaintbernard.ca\/english\/politique-relative-aux-cookies\/\" class=\"more-link\">Continue reading<span class=\"screen-reader-text\"> \u00ab\u00a0Politique relative aux cookies\u00a0\u00bb<\/span><\/a><\/p>","protected":false},"author":9,"featured_media":0,"parent":0,"menu_order":0,"comment_status":"closed","ping_status":"closed","template":"","meta":{"episode_type":"","audio_file":"","podmotor_file_id":"","podmotor_episode_id":"","cover_image":"","cover_image_id":"","duration":"","filesize":"","filesize_raw":"","date_recorded":"","explicit":"","block":"","footnotes":""},"class_list":["post-29046","page","type-page","status-publish","hentry","entry"],"yoast_head":"<!-- This site is optimized with the Yoast SEO plugin v27.4 - https:\/\/yoast.com\/product\/yoast-seo-wordpress\/ -->\n<title>Politique relative aux cookies &#8212; \u00cele Saint-Bernard<\/title>\n<meta name=\"robots\" content=\"index, follow, max-snippet:-1, max-image-preview:large, max-video-preview:-1\" \/>\n<link rel=\"canonical\" href=\"https:\/\/ilesaintbernard.ca\/english\/politique-relative-aux-cookies\/\" \/>\n<meta property=\"og:locale\" content=\"en_US\" \/>\n<meta property=\"og:type\" content=\"article\" \/>\n<meta property=\"og:title\" content=\"Politique relative aux cookies &#8212; \u00cele Saint-Bernard\" \/>\n<meta property=\"og:description\" content=\"&nbsp; Date d\u2019entr\u00e9e en vigueur : 26 mai 2025 Derni\u00e8re mise \u00e0 jour : 26 mai 2025 Que sont les cookies ? Cette politique de cookies explique ce que sont les cookies et comment nous les utilisons, les types de cookies que nous utilisons, c\u2019est-\u00e0-dire les informations que nous collectons \u00e0 l\u2019aide des cookies et &hellip; Continue reading &quot;Politique relative aux cookies&quot;\" \/>\n<meta property=\"og:url\" content=\"https:\/\/ilesaintbernard.ca\/english\/politique-relative-aux-cookies\/\" \/>\n<meta property=\"og:site_name\" content=\"\u00cele Saint-Bernard\" \/>\n<meta property=\"article:publisher\" content=\"https:\/\/www.facebook.com\/heritagestbernard\/\" \/>\n<meta property=\"article:modified_time\" content=\"2025-05-26T15:59:30+00:00\" \/>\n<meta name=\"twitter:card\" content=\"summary_large_image\" \/>\n<meta name=\"twitter:site\" content=\"@hsbernard\" \/>\n<meta name=\"twitter:label1\" content=\"Est. reading time\" \/>\n\t<meta name=\"twitter:data1\" content=\"2 minutes\" \/>\n<script type=\"application\/ld+json\" class=\"yoast-schema-graph\">{\"@context\":\"https:\\\/\\\/schema.org\",\"@graph\":[{\"@type\":\"WebPage\",\"@id\":\"https:\\\/\\\/ilesaintbernard.ca\\\/politique-relative-aux-cookies\\\/\",\"url\":\"https:\\\/\\\/ilesaintbernard.ca\\\/politique-relative-aux-cookies\\\/\",\"name\":\"Politique relative aux cookies &#8212; \u00cele Saint-Bernard\",\"isPartOf\":{\"@id\":\"https:\\\/\\\/ilesaintbernard.ca\\\/#website\"},\"datePublished\":\"2025-05-26T15:58:49+00:00\",\"dateModified\":\"2025-05-26T15:59:30+00:00\",\"breadcrumb\":{\"@id\":\"https:\\\/\\\/ilesaintbernard.ca\\\/politique-relative-aux-cookies\\\/#breadcrumb\"},\"inLanguage\":\"en-US\",\"potentialAction\":[{\"@type\":\"ReadAction\",\"target\":[\"https:\\\/\\\/ilesaintbernard.ca\\\/politique-relative-aux-cookies\\\/\"]}]},{\"@type\":\"BreadcrumbList\",\"@id\":\"https:\\\/\\\/ilesaintbernard.ca\\\/politique-relative-aux-cookies\\\/#breadcrumb\",\"itemListElement\":[{\"@type\":\"ListItem\",\"position\":1,\"name\":\"Accueil\",\"item\":\"https:\\\/\\\/ilesaintbernard.ca\\\/\"},{\"@type\":\"ListItem\",\"position\":2,\"name\":\"Politique relative aux cookies\"}]},{\"@type\":\"WebSite\",\"@id\":\"https:\\\/\\\/ilesaintbernard.ca\\\/#website\",\"url\":\"https:\\\/\\\/ilesaintbernard.ca\\\/\",\"name\":\"\u00cele Saint-Bernard\",\"description\":\"Entre nature et culture\",\"publisher\":{\"@id\":\"https:\\\/\\\/ilesaintbernard.ca\\\/#organization\"},\"potentialAction\":[{\"@type\":\"SearchAction\",\"target\":{\"@type\":\"EntryPoint\",\"urlTemplate\":\"https:\\\/\\\/ilesaintbernard.ca\\\/?s={search_term_string}\"},\"query-input\":{\"@type\":\"PropertyValueSpecification\",\"valueRequired\":true,\"valueName\":\"search_term_string\"}}],\"inLanguage\":\"en-US\"},{\"@type\":\"Organization\",\"@id\":\"https:\\\/\\\/ilesaintbernard.ca\\\/#organization\",\"name\":\"\u00cele Saint-Bernard\",\"url\":\"https:\\\/\\\/ilesaintbernard.ca\\\/\",\"logo\":{\"@type\":\"ImageObject\",\"inLanguage\":\"en-US\",\"@id\":\"https:\\\/\\\/ilesaintbernard.ca\\\/#\\\/schema\\\/logo\\\/image\\\/\",\"url\":\"https:\\\/\\\/ilesaintbernard.ca\\\/wp-content\\\/uploads\\\/2019\\\/05\\\/logo@2x-1.png\",\"contentUrl\":\"https:\\\/\\\/ilesaintbernard.ca\\\/wp-content\\\/uploads\\\/2019\\\/05\\\/logo@2x-1.png\",\"width\":250,\"height\":200,\"caption\":\"\u00cele Saint-Bernard\"},\"image\":{\"@id\":\"https:\\\/\\\/ilesaintbernard.ca\\\/#\\\/schema\\\/logo\\\/image\\\/\"},\"sameAs\":[\"https:\\\/\\\/www.facebook.com\\\/heritagestbernard\\\/\",\"https:\\\/\\\/x.com\\\/hsbernard\",\"https:\\\/\\\/www.instagram.com\\\/heritagesaintbernard\\\/\",\"https:\\\/\\\/www.youtube.com\\\/user\\\/heritagestbernard\"]}]}<\/script>\n<!-- \/ Yoast SEO plugin. -->","yoast_head_json":{"title":"Politique relative aux cookies &#8212; \u00cele Saint-Bernard","robots":{"index":"index","follow":"follow","max-snippet":"max-snippet:-1","max-image-preview":"max-image-preview:large","max-video-preview":"max-video-preview:-1"},"canonical":"https:\/\/ilesaintbernard.ca\/english\/politique-relative-aux-cookies\/","og_locale":"en_US","og_type":"article","og_title":"Politique relative aux cookies &#8212; \u00cele Saint-Bernard","og_description":"&nbsp; Date d\u2019entr\u00e9e en vigueur : 26 mai 2025 Derni\u00e8re mise \u00e0 jour : 26 mai 2025 Que sont les cookies ? Cette politique de cookies explique ce que sont les cookies et comment nous les utilisons, les types de cookies que nous utilisons, c\u2019est-\u00e0-dire les informations que nous collectons \u00e0 l\u2019aide des cookies et &hellip; Continue reading \"Politique relative aux cookies\"","og_url":"https:\/\/ilesaintbernard.ca\/english\/politique-relative-aux-cookies\/","og_site_name":"\u00cele Saint-Bernard","article_publisher":"https:\/\/www.facebook.com\/heritagestbernard\/","article_modified_time":"2025-05-26T15:59:30+00:00","twitter_card":"summary_large_image","twitter_site":"@hsbernard","twitter_misc":{"Est. reading time":"2 minutes"},"schema":{"@context":"https:\/\/schema.org","@graph":[{"@type":"WebPage","@id":"https:\/\/ilesaintbernard.ca\/politique-relative-aux-cookies\/","url":"https:\/\/ilesaintbernard.ca\/politique-relative-aux-cookies\/","name":"Politique relative aux cookies &#8212; \u00cele Saint-Bernard","isPartOf":{"@id":"https:\/\/ilesaintbernard.ca\/#website"},"datePublished":"2025-05-26T15:58:49+00:00","dateModified":"2025-05-26T15:59:30+00:00","breadcrumb":{"@id":"https:\/\/ilesaintbernard.ca\/politique-relative-aux-cookies\/#breadcrumb"},"inLanguage":"en-US","potentialAction":[{"@type":"ReadAction","target":["https:\/\/ilesaintbernard.ca\/politique-relative-aux-cookies\/"]}]},{"@type":"BreadcrumbList","@id":"https:\/\/ilesaintbernard.ca\/politique-relative-aux-cookies\/#breadcrumb","itemListElement":[{"@type":"ListItem","position":1,"name":"Accueil","item":"https:\/\/ilesaintbernard.ca\/"},{"@type":"ListItem","position":2,"name":"Politique relative aux cookies"}]},{"@type":"WebSite","@id":"https:\/\/ilesaintbernard.ca\/#website","url":"https:\/\/ilesaintbernard.ca\/","name":"\u00cele Saint-Bernard","description":"Entre nature et culture","publisher":{"@id":"https:\/\/ilesaintbernard.ca\/#organization"},"potentialAction":[{"@type":"SearchAction","target":{"@type":"EntryPoint","urlTemplate":"https:\/\/ilesaintbernard.ca\/?s={search_term_string}"},"query-input":{"@type":"PropertyValueSpecification","valueRequired":true,"valueName":"search_term_string"}}],"inLanguage":"en-US"},{"@type":"Organization","@id":"https:\/\/ilesaintbernard.ca\/#organization","name":"\u00cele Saint-Bernard","url":"https:\/\/ilesaintbernard.ca\/","logo":{"@type":"ImageObject","inLanguage":"en-US","@id":"https:\/\/ilesaintbernard.ca\/#\/schema\/logo\/image\/","url":"https:\/\/ilesaintbernard.ca\/wp-content\/uploads\/2019\/05\/logo@2x-1.png","contentUrl":"https:\/\/ilesaintbernard.ca\/wp-content\/uploads\/2019\/05\/logo@2x-1.png","width":250,"height":200,"caption":"\u00cele Saint-Bernard"},"image":{"@id":"https:\/\/ilesaintbernard.ca\/#\/schema\/logo\/image\/"},"sameAs":["https:\/\/www.facebook.com\/heritagestbernard\/","https:\/\/x.com\/hsbernard","https:\/\/www.instagram.com\/heritagesaintbernard\/","https:\/\/www.youtube.com\/user\/heritagestbernard"]}]}},"_links":{"self":[{"href":"https:\/\/ilesaintbernard.ca\/english\/wp-json\/wp\/v2\/pages\/29046","targetHints":{"allow":["GET"]}}],"collection":[{"href":"https:\/\/ilesaintbernard.ca\/english\/wp-json\/wp\/v2\/pages"}],"about":[{"href":"https:\/\/ilesaintbernard.ca\/english\/wp-json\/wp\/v2\/types\/page"}],"author":[{"embeddable":true,"href":"https:\/\/ilesaintbernard.ca\/english\/wp-json\/wp\/v2\/users\/9"}],"replies":[{"embeddable":true,"href":"https:\/\/ilesaintbernard.ca\/english\/wp-json\/wp\/v2\/comments?post=29046"}],"version-history":[{"count":0,"href":"https:\/\/ilesaintbernard.ca\/english\/wp-json\/wp\/v2\/pages\/29046\/revisions"}],"wp:attachment":[{"href":"https:\/\/ilesaintbernard.ca\/english\/wp-json\/wp\/v2\/media?parent=29046"}],"curies":[{"name":"wp","href":"https:\/\/api.w.org\/{rel}","templated":true}]}}